{"id":22,"date":"2015-09-10T13:43:22","date_gmt":"2015-09-10T11:43:22","guid":{"rendered":"http:\/\/megatek\/?page_id=22"},"modified":"2016-11-13T08:16:56","modified_gmt":"2016-11-13T06:16:56","slug":"contact","status":"publish","type":"page","link":"http:\/\/megatekeesti.ee\/et\/contact\/","title":{"rendered":"Kontakt"},"content":{"rendered":"<p><\/p>\n<table>\n<tbody>\n<tr>\n<td style=\"vertical-align: top; width: 180px;\"><strong>Megatek Eesti O\u00dc<\/strong><br \/>\nTornim\u00e4e tn 7-43<br \/>\nTallinn, 10145<br \/>\nEesti<br \/>\n<br \/>Reg. nr: 11167832<br \/>\nKMKR nr: EE101715294<br \/>\n<br \/>\n<a href=\"mailto:info@megatekeesti.ee\">info@megatekeesti.ee<\/a><\/td>\n<td style=\"vertical-align: top;\"><iframe loading=\"lazy\" style=\"border: 0; margin: 0;\" src=\"https:\/\/www.google.com\/maps\/embed?pb=!1m18!1m12!1m3!1d8115.939531449183!2d24.760930141719772!3d59.433326676070905!2m3!1f0!2f0!3f0!3m2!1i1024!2i768!4f13.1!3m3!1m2!1s0x4692935f7e673a63%3A0xc9434eaf798bee02!2sTornim%C3%A4e+7%2C+10145+Tallinn!5e0!3m2!1sru!2see!4v1443106664929\" width=\"430\" height=\"280\" frameborder=\"0\" allowfullscreen=\"allowfullscreen\"><\/iframe><\/td>\n<\/tr>\n<\/tbody>\n<\/table>\n<table border=\"1\" width=\"100%\">\n<tbody>\n<tr>\n<td>\n<h4>M\u00fc\u00fcgijuht:<\/h4>\n<p><strong>Konstantin Rodionov<\/strong><br \/>\n+372 58372717<br \/>\n<a href=\"mailto:ehitus@megatekeesti.ee\">ehitus@megatekeesti.ee<\/a><\/td>\n<td>\n<h4>Logistika osakond:<\/h4>\n<p><strong>Jelena Filippova<\/strong><br \/>\n+372 58817161<br \/>\n<a href=\"mailto:jelena@megatek.eesti.ee\">jelena@megatek.eesti.ee<\/a><\/td>\n<\/tr>\n<\/tbody>\n<\/table>\n<p><div role=\"form\" class=\"wpcf7\" id=\"wpcf7-f30-o1\" lang=\"et\" dir=\"ltr\">\n<div class=\"screen-reader-response\"><\/div>\n<form action=\"\/et\/wp-json\/wp\/v2\/pages\/22#wpcf7-f30-o1\" method=\"post\" class=\"wpcf7-form\" novalidate=\"novalidate\">\n<div style=\"display: none;\">\n<input type=\"hidden\" name=\"_wpcf7\" value=\"30\" \/>\n<input type=\"hidden\" name=\"_wpcf7_version\" value=\"4.2.2\" \/>\n<input type=\"hidden\" name=\"_wpcf7_locale\" value=\"et\" \/>\n<input type=\"hidden\" name=\"_wpcf7_unit_tag\" value=\"wpcf7-f30-o1\" \/>\n<input type=\"hidden\" name=\"_wpnonce\" value=\"8d39df7252\" \/>\n<\/div>\n<p>Nimi *<br \/>\n    <span class=\"wpcf7-form-control-wrap your-name\"><input type=\"text\" name=\"your-name\" value=\"\" size=\"40\" class=\"wpcf7-form-control wpcf7-text wpcf7-validates-as-required\" aria-required=\"true\" aria-invalid=\"false\" \/><\/span> <\/p>\n<p>E-mail *<br \/>\n    <span class=\"wpcf7-form-control-wrap your-email\"><input type=\"email\" name=\"your-email\" value=\"\" size=\"40\" class=\"wpcf7-form-control wpcf7-text wpcf7-email wpcf7-validates-as-required wpcf7-validates-as-email\" aria-required=\"true\" aria-invalid=\"false\" \/><\/span> <\/p>\n<p>Telefon<br \/>\n<span class=\"wpcf7-form-control-wrap your-tel\"><input type=\"text\" name=\"your-tel\" value=\"\" size=\"40\" class=\"wpcf7-form-control wpcf7-text\" aria-invalid=\"false\" \/><\/span><\/p>\n<p>Teade *<br \/>\n    <span class=\"wpcf7-form-control-wrap your-message\"><textarea name=\"your-message\" cols=\"40\" rows=\"10\" class=\"wpcf7-form-control wpcf7-textarea wpcf7-validates-as-required\" aria-required=\"true\" aria-invalid=\"false\"><\/textarea><\/span> <\/p>\n<p>Sisestage kood *<br \/>\n<span class=\"wpcf7-form-control-wrap captcha-1\"><input type=\"text\" name=\"captcha-1\" value=\"\" size=\"40\" class=\"wpcf7-form-control wpcf7-captchar\" aria-invalid=\"false\" \/><\/span> <input type=\"hidden\" name=\"_wpcf7_captcha_challenge_captcha-1\" value=\"123704945\" \/><img class=\"wpcf7-form-control wpcf7-captchac wpcf7-captcha-captcha-1\" width=\"72\" height=\"24\" alt=\"captcha\" src=\"http:\/\/megatekeesti.ee\/wp-content\/uploads\/wpcf7_captcha\/123704945.png\" \/><\/p>\n<p><input type=\"submit\" value=\"Saada\" class=\"wpcf7-form-control wpcf7-submit\" \/><\/p>\n<div class=\"wpcf7-response-output wpcf7-display-none\"><\/div><\/form><\/div><\/p>","protected":false},"excerpt":{"rendered":"<p>Megatek Eesti O\u00dc Tornim\u00e4e tn 7-43 Tallinn, 10145 Eesti Reg. nr: 11167832 KMKR nr: EE101715294 info@megatekeesti.ee M\u00fc\u00fcgijuht: Konstantin Rodionov +372 58372717 ehitus@megatekeesti.ee Logistika osakond: Jelena Filippova +372 58817161 jelena@megatek.eesti.ee<\/p>\n","protected":false},"author":1,"featured_media":0,"parent":0,"menu_order":0,"comment_status":"closed","ping_status":"closed","template":"","meta":[],"_links":{"self":[{"href":"http:\/\/megatekeesti.ee\/et\/wp-json\/wp\/v2\/pages\/22"}],"collection":[{"href":"http:\/\/megatekeesti.ee\/et\/wp-json\/wp\/v2\/pages"}],"about":[{"href":"http:\/\/megatekeesti.ee\/et\/wp-json\/wp\/v2\/types\/page"}],"author":[{"embeddable":true,"href":"http:\/\/megatekeesti.ee\/et\/wp-json\/wp\/v2\/users\/1"}],"replies":[{"embeddable":true,"href":"http:\/\/megatekeesti.ee\/et\/wp-json\/wp\/v2\/comments?post=22"}],"version-history":[{"count":24,"href":"http:\/\/megatekeesti.ee\/et\/wp-json\/wp\/v2\/pages\/22\/revisions"}],"predecessor-version":[{"id":94,"href":"http:\/\/megatekeesti.ee\/et\/wp-json\/wp\/v2\/pages\/22\/revisions\/94"}],"wp:attachment":[{"href":"http:\/\/megatekeesti.ee\/et\/wp-json\/wp\/v2\/media?parent=22"}],"curies":[{"name":"wp","href":"https:\/\/api.w.org\/{rel}","templated":true}]}}